{"id":2619,"date":"2025-01-07T14:34:13","date_gmt":"2025-01-07T14:34:13","guid":{"rendered":"https:\/\/eurokallur.ee\/?post_type=product&#038;p=2619"},"modified":"2026-04-06T22:43:40","modified_gmt":"2026-04-06T22:43:40","slug":"purustatud-klaas-turkiissinine-40-80mm-720kg","status":"publish","type":"product","link":"https:\/\/eurokallur.ee\/ru\/toode\/purustatud-klaas-turkiissinine-40-80mm-720kg\/","title":{"rendered":"\u0414\u0440\u043e\u0431\u043b\u0435\u043d\u043e\u0435 \u0441\u0442\u0435\u043a\u043b\u043e \u0411\u0438\u0440\u044e\u0437\u043e\u0432\u043e\u0435 40-80\u043c\u043c 1000\u043a\u0433"},"content":{"rendered":"","protected":false},"excerpt":{"rendered":"<p><strong>\u0414\u0435\u043a\u043e\u0440\u0430\u0442\u0438\u0432\u043d\u043e\u0435 \u0431\u0438\u0442\u043e\u0435 \u0441\u0442\u0435\u043a\u043b\u043e<\/strong> \u2014 \u044d\u0442\u043e \u0441\u0442\u0435\u043a\u043b\u044f\u043d\u043d\u044b\u0435 \u043e\u0441\u043a\u043e\u043b\u043a\u0438, \u043a\u043e\u0442\u043e\u0440\u044b\u0435 \u0438\u0441\u043f\u043e\u043b\u044c\u0437\u0443\u044e\u0442 \u0432 \u043b\u0430\u043d\u0434\u0448\u0430\u0444\u0442\u043d\u043e\u043c \u0434\u0438\u0437\u0430\u0439\u043d\u0435 \u0438 \u0434\u043b\u044f \u0434\u0435\u043a\u043e\u0440\u0430\u0442\u0438\u0432\u043d\u044b\u0445 \u0446\u0435\u043b\u0435\u0439. \u042d\u0442\u0438 \u043e\u0441\u043a\u043e\u043b\u043a\u0438 \u043c\u043e\u0433\u0443\u0442 \u0431\u044b\u0442\u044c \u0440\u0430\u0437\u043b\u0438\u0447\u043d\u044b\u0445 \u0446\u0432\u0435\u0442\u043e\u0432 \u0438 \u0440\u0430\u0437\u043c\u0435\u0440\u043e\u0432, \u043e\u0431\u0440\u0430\u0431\u043e\u0442\u0430\u043d\u044b \u0442\u0430\u043a\u0438\u043c \u043e\u0431\u0440\u0430\u0437\u043e\u043c, \u0447\u0442\u043e\u0431\u044b \u043e\u043d\u0438 \u0431\u044b\u043b\u0438 \u0431\u0435\u0437\u043e\u043f\u0430\u0441\u043d\u044b \u0434\u043b\u044f \u0438\u0441\u043f\u043e\u043b\u044c\u0437\u043e\u0432\u0430\u043d\u0438\u044f. \u0414\u0435\u043a\u043e\u0440\u0430\u0442\u0438\u0432\u043d\u043e\u0435 \u0431\u0438\u0442\u043e\u0435 \u0441\u0442\u0435\u043a\u043b\u043e \u0447\u0430\u0441\u0442\u043e \u043f\u0440\u0438\u043c\u0435\u043d\u044f\u044e\u0442 \u0434\u043b\u044f \u0443\u043a\u0440\u0430\u0448\u0435\u043d\u0438\u044f \u0441\u0430\u0434\u043e\u0432\u044b\u0445 \u0434\u043e\u0440\u043e\u0436\u0435\u043a, \u0446\u0432\u0435\u0442\u043d\u0438\u043a\u043e\u0432, \u043a\u043b\u0443\u043c\u0431, \u0444\u043e\u043d\u0442\u0430\u043d\u043e\u0432 \u0438 \u0432\u043e\u0434\u043e\u0435\u043c\u043e\u0432. \u042d\u0442\u043e\u0442 \u043c\u0430\u0442\u0435\u0440\u0438\u0430\u043b \u043f\u0440\u0438\u0432\u043b\u0435\u043a\u0430\u0435\u0442 \u0432\u043d\u0438\u043c\u0430\u043d\u0438\u0435 \u044f\u0440\u043a\u0438\u043c\u0438 \u0446\u0432\u0435\u0442\u0430\u043c\u0438 \u0438 \u044d\u0444\u0444\u0435\u043a\u0442\u043e\u043c \u0431\u043b\u0435\u0441\u043a\u0430, \u043e\u0441\u043e\u0431\u0435\u043d\u043d\u043e \u043d\u0430 \u0441\u043e\u043b\u043d\u0446\u0435.<\/p>","protected":false},"featured_media":2620,"template":"","meta":[],"product_brand":[],"product_cat":[39],"product_tag":[],"class_list":{"0":"post-2619","1":"product","2":"type-product","3":"status-publish","4":"has-post-thumbnail","6":"product_cat-dekoratiivkillustik","8":"first","9":"instock","10":"shipping-taxable","11":"product-type-simple"},"yoast_head":"<!-- This site is optimized with the Yoast SEO plugin v27.3 - https:\/\/yoast.com\/product\/yoast-seo-wordpress\/ -->\n<title>Purustatud klaas t\u00fcrkiissinine 40-80mm 1000kg - EURO KALLUR<\/title>\n<meta name=\"robots\" content=\"index, follow, max-snippet:-1, max-image-preview:large, max-video-preview:-1\" \/>\n<link rel=\"canonical\" href=\"https:\/\/eurokallur.ee\/ru\/tovar\/purustatud-klaas-turkiissinine-40-80mm-720kg\/\" \/>\n<meta property=\"og:locale\" content=\"ru_RU\" \/>\n<meta property=\"og:type\" content=\"article\" \/>\n<meta property=\"og:title\" content=\"Purustatud klaas t\u00fcrkiissinine 40-80mm 1000kg - EURO KALLUR\" \/>\n<meta property=\"og:description\" content=\"Dekoratiivne klaasipuru on klaasikillud, mida kasutatakse maastikukujunduses ja dekoratiivsetel eesm\u00e4rkidel. Neid kilde on erinevates v\u00e4rvides ja suurustes ning neid on ohutu kasutamise eesm\u00e4rgil t\u00f6\u00f6deldud. Dekoratiivset klaasipuru kasutatakse sageli aiaradade, peenarde, vagude, purskkaevude ja tiikide kaunistamiseks. See materjal \u00e4ratab t\u00e4helepanu oma erksate v\u00e4rvide ja s\u00e4raga, eriti p\u00e4ikese k\u00e4es.\" \/>\n<meta property=\"og:url\" content=\"https:\/\/eurokallur.ee\/ru\/tovar\/purustatud-klaas-turkiissinine-40-80mm-720kg\/\" \/>\n<meta property=\"og:site_name\" content=\"EURO KALLUR\" \/>\n<meta property=\"article:modified_time\" content=\"2026-04-06T22:43:40+00:00\" \/>\n<meta property=\"og:image\" content=\"https:\/\/eurokallur.ee\/wp-content\/uploads\/2025\/01\/purustatud-klaas-turkiissinine-40-80mm-720kg-droblenoe-steklo-biryuzovoe-40-80mm-720kg-2520e.png\" \/>\n\t<meta property=\"og:image:width\" content=\"822\" \/>\n\t<meta property=\"og:image:height\" content=\"932\" \/>\n\t<meta property=\"og:image:type\" content=\"image\/png\" \/>\n<meta name=\"twitter:card\" content=\"summary_large_image\" \/>\n<meta name=\"twitter:label1\" content=\"\u041f\u0440\u0438\u043c\u0435\u0440\u043d\u043e\u0435 \u0432\u0440\u0435\u043c\u044f \u0434\u043b\u044f \u0447\u0442\u0435\u043d\u0438\u044f\" \/>\n\t<meta name=\"twitter:data1\" content=\"1 \u043c\u0438\u043d\u0443\u0442\u0430\" \/>\n<script type=\"application\/ld+json\" class=\"yoast-schema-graph\">{\"@context\":\"https:\\\/\\\/schema.org\",\"@graph\":[{\"@type\":\"WebPage\",\"@id\":\"https:\\\/\\\/eurokallur.ee\\\/toode\\\/purustatud-klaas-turkiissinine-40-80mm-720kg\\\/\",\"url\":\"https:\\\/\\\/eurokallur.ee\\\/toode\\\/purustatud-klaas-turkiissinine-40-80mm-720kg\\\/\",\"name\":\"Purustatud klaas t\u00fcrkiissinine 40-80mm 1000kg - EURO KALLUR\",\"isPartOf\":{\"@id\":\"https:\\\/\\\/eurokallur.ee\\\/#website\"},\"primaryImageOfPage\":{\"@id\":\"https:\\\/\\\/eurokallur.ee\\\/toode\\\/purustatud-klaas-turkiissinine-40-80mm-720kg\\\/#primaryimage\"},\"image\":{\"@id\":\"https:\\\/\\\/eurokallur.ee\\\/toode\\\/purustatud-klaas-turkiissinine-40-80mm-720kg\\\/#primaryimage\"},\"thumbnailUrl\":\"https:\\\/\\\/eurokallur.ee\\\/wp-content\\\/uploads\\\/2025\\\/01\\\/purustatud-klaas-turkiissinine-40-80mm-720kg-droblenoe-steklo-biryuzovoe-40-80mm-720kg-2520e.png\",\"datePublished\":\"2025-01-07T14:34:13+00:00\",\"dateModified\":\"2026-04-06T22:43:40+00:00\",\"breadcrumb\":{\"@id\":\"https:\\\/\\\/eurokallur.ee\\\/toode\\\/purustatud-klaas-turkiissinine-40-80mm-720kg\\\/#breadcrumb\"},\"inLanguage\":\"ru-RU\",\"potentialAction\":[{\"@type\":\"ReadAction\",\"target\":[\"https:\\\/\\\/eurokallur.ee\\\/toode\\\/purustatud-klaas-turkiissinine-40-80mm-720kg\\\/\"]}]},{\"@type\":\"ImageObject\",\"inLanguage\":\"ru-RU\",\"@id\":\"https:\\\/\\\/eurokallur.ee\\\/toode\\\/purustatud-klaas-turkiissinine-40-80mm-720kg\\\/#primaryimage\",\"url\":\"https:\\\/\\\/eurokallur.ee\\\/wp-content\\\/uploads\\\/2025\\\/01\\\/purustatud-klaas-turkiissinine-40-80mm-720kg-droblenoe-steklo-biryuzovoe-40-80mm-720kg-2520e.png\",\"contentUrl\":\"https:\\\/\\\/eurokallur.ee\\\/wp-content\\\/uploads\\\/2025\\\/01\\\/purustatud-klaas-turkiissinine-40-80mm-720kg-droblenoe-steklo-biryuzovoe-40-80mm-720kg-2520e.png\",\"width\":822,\"height\":932},{\"@type\":\"BreadcrumbList\",\"@id\":\"https:\\\/\\\/eurokallur.ee\\\/toode\\\/purustatud-klaas-turkiissinine-40-80mm-720kg\\\/#breadcrumb\",\"itemListElement\":[{\"@type\":\"ListItem\",\"position\":1,\"name\":\"\u0413\u043b\u0430\u0432\u043d\u0430\u044f \u0441\u0442\u0440\u0430\u043d\u0438\u0446\u0430\",\"item\":\"https:\\\/\\\/eurokallur.ee\\\/\"},{\"@type\":\"ListItem\",\"position\":2,\"name\":\"Tootekataloog\",\"item\":\"https:\\\/\\\/eurokallur.ee\\\/shop\\\/\"},{\"@type\":\"ListItem\",\"position\":3,\"name\":\"Purustatud klaas t\u00fcrkiissinine 40-80mm 1000kg\"}]},{\"@type\":\"WebSite\",\"@id\":\"https:\\\/\\\/eurokallur.ee\\\/#website\",\"url\":\"https:\\\/\\\/eurokallur.ee\\\/\",\"name\":\"EURO KALLUR\",\"description\":\"Esimene loodusressursside e-pood Eestis \u2022Muld \u2022Liiv \u2022Killustik \u2022Mult\u0161 \u2022K\u00fcttepuud \u2022S\u00f5nnik\",\"publisher\":{\"@id\":\"https:\\\/\\\/eurokallur.ee\\\/#organization\"},\"potentialAction\":[{\"@type\":\"SearchAction\",\"target\":{\"@type\":\"EntryPoint\",\"urlTemplate\":\"https:\\\/\\\/eurokallur.ee\\\/?s={search_term_string}\"},\"query-input\":{\"@type\":\"PropertyValueSpecification\",\"valueRequired\":true,\"valueName\":\"search_term_string\"}}],\"inLanguage\":\"ru-RU\"},{\"@type\":\"Organization\",\"@id\":\"https:\\\/\\\/eurokallur.ee\\\/#organization\",\"name\":\"EURO KALLUR\",\"url\":\"https:\\\/\\\/eurokallur.ee\\\/\",\"logo\":{\"@type\":\"ImageObject\",\"inLanguage\":\"ru-RU\",\"@id\":\"https:\\\/\\\/eurokallur.ee\\\/#\\\/schema\\\/logo\\\/image\\\/\",\"url\":\"https:\\\/\\\/eurokallur.ee\\\/wp-content\\\/uploads\\\/2024\\\/07\\\/logo1.jpg\",\"contentUrl\":\"https:\\\/\\\/eurokallur.ee\\\/wp-content\\\/uploads\\\/2024\\\/07\\\/logo1.jpg\",\"width\":338,\"height\":157,\"caption\":\"EURO KALLUR\"},\"image\":{\"@id\":\"https:\\\/\\\/eurokallur.ee\\\/#\\\/schema\\\/logo\\\/image\\\/\"}}]}<\/script>\n<!-- \/ Yoast SEO plugin. -->","yoast_head_json":{"title":"Purustatud klaas t\u00fcrkiissinine 40-80mm 1000kg - EURO KALLUR","robots":{"index":"index","follow":"follow","max-snippet":"max-snippet:-1","max-image-preview":"max-image-preview:large","max-video-preview":"max-video-preview:-1"},"canonical":"https:\/\/eurokallur.ee\/ru\/tovar\/purustatud-klaas-turkiissinine-40-80mm-720kg\/","og_locale":"ru_RU","og_type":"article","og_title":"Purustatud klaas t\u00fcrkiissinine 40-80mm 1000kg - EURO KALLUR","og_description":"Dekoratiivne klaasipuru on klaasikillud, mida kasutatakse maastikukujunduses ja dekoratiivsetel eesm\u00e4rkidel. Neid kilde on erinevates v\u00e4rvides ja suurustes ning neid on ohutu kasutamise eesm\u00e4rgil t\u00f6\u00f6deldud. Dekoratiivset klaasipuru kasutatakse sageli aiaradade, peenarde, vagude, purskkaevude ja tiikide kaunistamiseks. See materjal \u00e4ratab t\u00e4helepanu oma erksate v\u00e4rvide ja s\u00e4raga, eriti p\u00e4ikese k\u00e4es.","og_url":"https:\/\/eurokallur.ee\/ru\/tovar\/purustatud-klaas-turkiissinine-40-80mm-720kg\/","og_site_name":"EURO KALLUR","article_modified_time":"2026-04-06T22:43:40+00:00","og_image":[{"width":822,"height":932,"url":"https:\/\/eurokallur.ee\/wp-content\/uploads\/2025\/01\/purustatud-klaas-turkiissinine-40-80mm-720kg-droblenoe-steklo-biryuzovoe-40-80mm-720kg-2520e.png","type":"image\/png"}],"twitter_card":"summary_large_image","twitter_misc":{"\u041f\u0440\u0438\u043c\u0435\u0440\u043d\u043e\u0435 \u0432\u0440\u0435\u043c\u044f \u0434\u043b\u044f \u0447\u0442\u0435\u043d\u0438\u044f":"1 \u043c\u0438\u043d\u0443\u0442\u0430"},"schema":{"@context":"https:\/\/schema.org","@graph":[{"@type":"WebPage","@id":"https:\/\/eurokallur.ee\/toode\/purustatud-klaas-turkiissinine-40-80mm-720kg\/","url":"https:\/\/eurokallur.ee\/toode\/purustatud-klaas-turkiissinine-40-80mm-720kg\/","name":"Purustatud klaas t\u00fcrkiissinine 40-80mm 1000kg - EURO KALLUR","isPartOf":{"@id":"https:\/\/eurokallur.ee\/#website"},"primaryImageOfPage":{"@id":"https:\/\/eurokallur.ee\/toode\/purustatud-klaas-turkiissinine-40-80mm-720kg\/#primaryimage"},"image":{"@id":"https:\/\/eurokallur.ee\/toode\/purustatud-klaas-turkiissinine-40-80mm-720kg\/#primaryimage"},"thumbnailUrl":"https:\/\/eurokallur.ee\/wp-content\/uploads\/2025\/01\/purustatud-klaas-turkiissinine-40-80mm-720kg-droblenoe-steklo-biryuzovoe-40-80mm-720kg-2520e.png","datePublished":"2025-01-07T14:34:13+00:00","dateModified":"2026-04-06T22:43:40+00:00","breadcrumb":{"@id":"https:\/\/eurokallur.ee\/toode\/purustatud-klaas-turkiissinine-40-80mm-720kg\/#breadcrumb"},"inLanguage":"ru-RU","potentialAction":[{"@type":"ReadAction","target":["https:\/\/eurokallur.ee\/toode\/purustatud-klaas-turkiissinine-40-80mm-720kg\/"]}]},{"@type":"ImageObject","inLanguage":"ru-RU","@id":"https:\/\/eurokallur.ee\/toode\/purustatud-klaas-turkiissinine-40-80mm-720kg\/#primaryimage","url":"https:\/\/eurokallur.ee\/wp-content\/uploads\/2025\/01\/purustatud-klaas-turkiissinine-40-80mm-720kg-droblenoe-steklo-biryuzovoe-40-80mm-720kg-2520e.png","contentUrl":"https:\/\/eurokallur.ee\/wp-content\/uploads\/2025\/01\/purustatud-klaas-turkiissinine-40-80mm-720kg-droblenoe-steklo-biryuzovoe-40-80mm-720kg-2520e.png","width":822,"height":932},{"@type":"BreadcrumbList","@id":"https:\/\/eurokallur.ee\/toode\/purustatud-klaas-turkiissinine-40-80mm-720kg\/#breadcrumb","itemListElement":[{"@type":"ListItem","position":1,"name":"\u0413\u043b\u0430\u0432\u043d\u0430\u044f \u0441\u0442\u0440\u0430\u043d\u0438\u0446\u0430","item":"https:\/\/eurokallur.ee\/"},{"@type":"ListItem","position":2,"name":"Tootekataloog","item":"https:\/\/eurokallur.ee\/shop\/"},{"@type":"ListItem","position":3,"name":"Purustatud klaas t\u00fcrkiissinine 40-80mm 1000kg"}]},{"@type":"WebSite","@id":"https:\/\/eurokallur.ee\/#website","url":"https:\/\/eurokallur.ee\/","name":"EURO KALLUR","description":"\u041f\u0435\u0440\u0432\u044b\u0439 \u0438\u043d\u0442\u0435\u0440\u043d\u0435\u0442-\u043c\u0430\u0433\u0430\u0437\u0438\u043d \u043f\u0440\u0438\u0440\u043e\u0434\u043d\u044b\u0445 \u0440\u0435\u0441\u0443\u0440\u0441\u043e\u0432 \u0432 \u042d\u0441\u0442\u043e\u043d\u0438\u0438 \u2022\u0417\u0435\u043c\u043b\u044f \u2022\u041f\u0435\u0441\u043e\u043a \u2022\u0429\u0435\u0431\u0435\u043d\u044c \u2022\u041c\u0443\u043b\u044c\u0447\u0430 \u2022\u0414\u0440\u043e\u0432\u0430 \u2022\u041d\u0430\u0432\u043e\u0437","publisher":{"@id":"https:\/\/eurokallur.ee\/#organization"},"potentialAction":[{"@type":"SearchAction","target":{"@type":"EntryPoint","urlTemplate":"https:\/\/eurokallur.ee\/?s={search_term_string}"},"query-input":{"@type":"PropertyValueSpecification","valueRequired":true,"valueName":"search_term_string"}}],"inLanguage":"ru-RU"},{"@type":"Organization","@id":"https:\/\/eurokallur.ee\/#organization","name":"EURO KALLUR","url":"https:\/\/eurokallur.ee\/","logo":{"@type":"ImageObject","inLanguage":"ru-RU","@id":"https:\/\/eurokallur.ee\/#\/schema\/logo\/image\/","url":"https:\/\/eurokallur.ee\/wp-content\/uploads\/2024\/07\/logo1.jpg","contentUrl":"https:\/\/eurokallur.ee\/wp-content\/uploads\/2024\/07\/logo1.jpg","width":338,"height":157,"caption":"EURO KALLUR"},"image":{"@id":"https:\/\/eurokallur.ee\/#\/schema\/logo\/image\/"}}]}},"_links":{"self":[{"href":"https:\/\/eurokallur.ee\/ru\/wp-json\/wp\/v2\/product\/2619","targetHints":{"allow":["GET"]}}],"collection":[{"href":"https:\/\/eurokallur.ee\/ru\/wp-json\/wp\/v2\/product"}],"about":[{"href":"https:\/\/eurokallur.ee\/ru\/wp-json\/wp\/v2\/types\/product"}],"wp:featuredmedia":[{"embeddable":true,"href":"https:\/\/eurokallur.ee\/ru\/wp-json\/wp\/v2\/media\/2620"}],"wp:attachment":[{"href":"https:\/\/eurokallur.ee\/ru\/wp-json\/wp\/v2\/media?parent=2619"}],"wp:term":[{"taxonomy":"product_brand","embeddable":true,"href":"https:\/\/eurokallur.ee\/ru\/wp-json\/wp\/v2\/product_brand?post=2619"},{"taxonomy":"product_cat","embeddable":true,"href":"https:\/\/eurokallur.ee\/ru\/wp-json\/wp\/v2\/product_cat?post=2619"},{"taxonomy":"product_tag","embeddable":true,"href":"https:\/\/eurokallur.ee\/ru\/wp-json\/wp\/v2\/product_tag?post=2619"}],"curies":[{"name":"wp","href":"https:\/\/api.w.org\/{rel}","templated":true}]}}