{"id":2683,"date":"2025-06-12T08:27:14","date_gmt":"2025-06-12T08:27:14","guid":{"rendered":"https:\/\/eurokallur.ee\/?post_type=product&#038;p=2683"},"modified":"2026-04-06T23:31:37","modified_gmt":"2026-04-06T23:31:37","slug":"shchepa-khvoynykh-derevyev-sosna-20-50mm-rossypyu-1-m3","status":"publish","type":"product","link":"https:\/\/eurokallur.ee\/ru\/toode\/okaspuuhake-mand-20-50mm-puistes-1-m3\/","title":{"rendered":"\u0429\u0435\u043f\u0430 \u0445\u0432\u043e\u0439\u043d\u044b\u0445 \u0434\u0435\u0440\u0435\u0432\u044c\u0435\u0432 (\u0441\u043e\u0441\u043d\u0430) 20-50\u043c\u043c \u0440\u043e\u0441\u0441\u044b\u043f\u044c\u044e 1 \u043c\u00b3"},"content":{"rendered":"","protected":false},"excerpt":{"rendered":"<p><strong>\u041c\u0443\u043b\u044c\u0447\u0430<\/strong> \u044d\u0442\u043e \u043c\u0430\u0442\u0435\u0440\u0438\u0430\u043b, \u043a\u043e\u0442\u043e\u0440\u044b\u0439 \u0443\u043a\u043b\u0430\u0434\u044b\u0432\u0430\u0435\u0442\u0441\u044f \u043d\u0430 \u043f\u043e\u0432\u0435\u0440\u0445\u043d\u043e\u0441\u0442\u044c \u043f\u043e\u0447\u0432\u044b \u0434\u043b\u044f \u0437\u0430\u0449\u0438\u0442\u044b \u0440\u0430\u0441\u0442\u0435\u043d\u0438\u0439 \u0438 \u0443\u043b\u0443\u0447\u0448\u0435\u043d\u0438\u044f \u0441\u043e\u0441\u0442\u043e\u044f\u043d\u0438\u044f \u043f\u043e\u0447\u0432\u044b. \u041c\u0443\u043b\u044c\u0447\u0430 \u043f\u043e\u043c\u043e\u0433\u0430\u0435\u0442 \u0443\u0434\u0435\u0440\u0436\u0438\u0432\u0430\u0442\u044c \u0432\u043b\u0430\u0433\u0443 \u0432 \u043f\u043e\u0447\u0432\u0435, \u043f\u043e\u0434\u0430\u0432\u043b\u044f\u0435\u0442 \u0440\u043e\u0441\u0442 \u0441\u043e\u0440\u043d\u044f\u043a\u043e\u0432, \u0437\u0430\u0449\u0438\u0449\u0430\u0435\u0442 \u043e\u0442 \u043f\u0435\u0440\u0435\u0433\u0440\u0435\u0432\u0430 \u0438 \u043f\u0435\u0440\u0435\u043e\u0445\u043b\u0430\u0436\u0434\u0435\u043d\u0438\u044f, \u0443\u043b\u0443\u0447\u0448\u0430\u0435\u0442 \u0441\u0442\u0440\u0443\u043a\u0442\u0443\u0440\u0443 \u043f\u043e\u0447\u0432\u044b \u0438 \u043f\u0440\u0435\u0434\u043e\u0442\u0432\u0440\u0430\u0449\u0430\u0435\u0442 \u044d\u0440\u043e\u0437\u0438\u044e. \u041e\u043d\u0430 \u0442\u0430\u043a\u0436\u0435 \u0441\u043b\u0443\u0436\u0438\u0442 \u0434\u043b\u044f \u0443\u043a\u0440\u0430\u0448\u0435\u043d\u0438\u044f \u043b\u0430\u043d\u0434\u0448\u0430\u0444\u0442\u0430, \u043f\u0440\u0438\u0434\u0430\u0432\u0430\u044f \u0443\u0447\u0430\u0441\u0442\u043a\u0443 \u0430\u043a\u043a\u0443\u0440\u0430\u0442\u043d\u044b\u0439 \u0438 \u0443\u0445\u043e\u0436\u0435\u043d\u043d\u044b\u0439 \u0432\u0438\u0434.<\/p>","protected":false},"featured_media":2684,"template":"","meta":[],"product_brand":[],"product_cat":[45,41],"product_tag":[],"class_list":{"0":"post-2683","1":"product","2":"type-product","3":"status-publish","4":"has-post-thumbnail","6":"product_cat-populaarsed","7":"product_cat-puistes-mults","9":"first","10":"instock","11":"shipping-taxable","12":"purchasable","13":"product-type-variable"},"yoast_head":"<!-- This site is optimized with the Yoast SEO plugin v27.3 - https:\/\/yoast.com\/product\/yoast-seo-wordpress\/ -->\n<title>Okaspuuhake (m\u00e4nd) 20-50mm puistes 1 m\u00b3 - EURO KALLUR<\/title>\n<meta name=\"robots\" content=\"index, follow, max-snippet:-1, max-image-preview:large, max-video-preview:-1\" \/>\n<link rel=\"canonical\" href=\"https:\/\/eurokallur.ee\/ru\/tovar\/shchepa-khvoynykh-derevyev-sosna-20-50mm-rossypyu-1-m3\/\" \/>\n<meta property=\"og:locale\" content=\"ru_RU\" \/>\n<meta property=\"og:type\" content=\"article\" \/>\n<meta property=\"og:title\" content=\"Okaspuuhake (m\u00e4nd) 20-50mm puistes 1 m\u00b3 - EURO KALLUR\" \/>\n<meta property=\"og:description\" content=\"Mult\u0161 on materjal, mis asetatakse mulla pinnale, et kaitsta taimi ja parandada mulla seisundit. Mult\u0161 aitab s\u00e4ilitada mullas niiskust, p\u00e4rsib umbrohu kasvu, kaitseb \u00fclekuumenemise ja alajahtumise eest, parandab mulla struktuuri ja hoiab \u00e4ra erosiooni. See sobib ka maastiku kaunistamiseks, sest annab krundile korraliku ja hoolitsetud ilme.\" \/>\n<meta property=\"og:url\" content=\"https:\/\/eurokallur.ee\/ru\/tovar\/shchepa-khvoynykh-derevyev-sosna-20-50mm-rossypyu-1-m3\/\" \/>\n<meta property=\"og:site_name\" content=\"EURO KALLUR\" \/>\n<meta property=\"article:modified_time\" content=\"2026-04-06T23:31:37+00:00\" \/>\n<meta property=\"og:image\" content=\"https:\/\/eurokallur.ee\/wp-content\/uploads\/2025\/01\/okaspuuhake-mand-20-50mm-puistes-1-m3-shhepa-hvojnyh-derevev-sosna-20-50mm-rossypyu-1-m3-60evro.jpg\" \/>\n\t<meta property=\"og:image:width\" content=\"884\" \/>\n\t<meta property=\"og:image:height\" content=\"884\" \/>\n\t<meta property=\"og:image:type\" content=\"image\/jpeg\" \/>\n<meta name=\"twitter:card\" content=\"summary_large_image\" \/>\n<meta name=\"twitter:label1\" content=\"\u041f\u0440\u0438\u043c\u0435\u0440\u043d\u043e\u0435 \u0432\u0440\u0435\u043c\u044f \u0434\u043b\u044f \u0447\u0442\u0435\u043d\u0438\u044f\" \/>\n\t<meta name=\"twitter:data1\" content=\"1 \u043c\u0438\u043d\u0443\u0442\u0430\" \/>\n<script type=\"application\/ld+json\" class=\"yoast-schema-graph\">{\"@context\":\"https:\\\/\\\/schema.org\",\"@graph\":[{\"@type\":\"WebPage\",\"@id\":\"https:\\\/\\\/eurokallur.ee\\\/toode\\\/okaspuuhake-mand-20-50mm-puistes-1-m3\\\/\",\"url\":\"https:\\\/\\\/eurokallur.ee\\\/toode\\\/okaspuuhake-mand-20-50mm-puistes-1-m3\\\/\",\"name\":\"Okaspuuhake (m\u00e4nd) 20-50mm puistes 1 m\u00b3 - EURO KALLUR\",\"isPartOf\":{\"@id\":\"https:\\\/\\\/eurokallur.ee\\\/#website\"},\"primaryImageOfPage\":{\"@id\":\"https:\\\/\\\/eurokallur.ee\\\/toode\\\/okaspuuhake-mand-20-50mm-puistes-1-m3\\\/#primaryimage\"},\"image\":{\"@id\":\"https:\\\/\\\/eurokallur.ee\\\/toode\\\/okaspuuhake-mand-20-50mm-puistes-1-m3\\\/#primaryimage\"},\"thumbnailUrl\":\"https:\\\/\\\/eurokallur.ee\\\/wp-content\\\/uploads\\\/2025\\\/01\\\/okaspuuhake-mand-20-50mm-puistes-1-m3-shhepa-hvojnyh-derevev-sosna-20-50mm-rossypyu-1-m3-60evro.jpg\",\"datePublished\":\"2025-06-12T08:27:14+00:00\",\"dateModified\":\"2026-04-06T23:31:37+00:00\",\"breadcrumb\":{\"@id\":\"https:\\\/\\\/eurokallur.ee\\\/toode\\\/okaspuuhake-mand-20-50mm-puistes-1-m3\\\/#breadcrumb\"},\"inLanguage\":\"ru-RU\",\"potentialAction\":[{\"@type\":\"ReadAction\",\"target\":[\"https:\\\/\\\/eurokallur.ee\\\/toode\\\/okaspuuhake-mand-20-50mm-puistes-1-m3\\\/\"]}]},{\"@type\":\"ImageObject\",\"inLanguage\":\"ru-RU\",\"@id\":\"https:\\\/\\\/eurokallur.ee\\\/toode\\\/okaspuuhake-mand-20-50mm-puistes-1-m3\\\/#primaryimage\",\"url\":\"https:\\\/\\\/eurokallur.ee\\\/wp-content\\\/uploads\\\/2025\\\/01\\\/okaspuuhake-mand-20-50mm-puistes-1-m3-shhepa-hvojnyh-derevev-sosna-20-50mm-rossypyu-1-m3-60evro.jpg\",\"contentUrl\":\"https:\\\/\\\/eurokallur.ee\\\/wp-content\\\/uploads\\\/2025\\\/01\\\/okaspuuhake-mand-20-50mm-puistes-1-m3-shhepa-hvojnyh-derevev-sosna-20-50mm-rossypyu-1-m3-60evro.jpg\",\"width\":884,\"height\":884},{\"@type\":\"BreadcrumbList\",\"@id\":\"https:\\\/\\\/eurokallur.ee\\\/toode\\\/okaspuuhake-mand-20-50mm-puistes-1-m3\\\/#breadcrumb\",\"itemListElement\":[{\"@type\":\"ListItem\",\"position\":1,\"name\":\"\u0413\u043b\u0430\u0432\u043d\u0430\u044f \u0441\u0442\u0440\u0430\u043d\u0438\u0446\u0430\",\"item\":\"https:\\\/\\\/eurokallur.ee\\\/\"},{\"@type\":\"ListItem\",\"position\":2,\"name\":\"Tootekataloog\",\"item\":\"https:\\\/\\\/eurokallur.ee\\\/shop\\\/\"},{\"@type\":\"ListItem\",\"position\":3,\"name\":\"Okaspuuhake (m\u00e4nd) 20-50mm puistes 1 m\u00b3\"}]},{\"@type\":\"WebSite\",\"@id\":\"https:\\\/\\\/eurokallur.ee\\\/#website\",\"url\":\"https:\\\/\\\/eurokallur.ee\\\/\",\"name\":\"EURO KALLUR\",\"description\":\"Esimene loodusressursside e-pood Eestis \u2022Muld \u2022Liiv \u2022Killustik \u2022Mult\u0161 \u2022K\u00fcttepuud \u2022S\u00f5nnik\",\"publisher\":{\"@id\":\"https:\\\/\\\/eurokallur.ee\\\/#organization\"},\"potentialAction\":[{\"@type\":\"SearchAction\",\"target\":{\"@type\":\"EntryPoint\",\"urlTemplate\":\"https:\\\/\\\/eurokallur.ee\\\/?s={search_term_string}\"},\"query-input\":{\"@type\":\"PropertyValueSpecification\",\"valueRequired\":true,\"valueName\":\"search_term_string\"}}],\"inLanguage\":\"ru-RU\"},{\"@type\":\"Organization\",\"@id\":\"https:\\\/\\\/eurokallur.ee\\\/#organization\",\"name\":\"EURO KALLUR\",\"url\":\"https:\\\/\\\/eurokallur.ee\\\/\",\"logo\":{\"@type\":\"ImageObject\",\"inLanguage\":\"ru-RU\",\"@id\":\"https:\\\/\\\/eurokallur.ee\\\/#\\\/schema\\\/logo\\\/image\\\/\",\"url\":\"https:\\\/\\\/eurokallur.ee\\\/wp-content\\\/uploads\\\/2024\\\/07\\\/logo1.jpg\",\"contentUrl\":\"https:\\\/\\\/eurokallur.ee\\\/wp-content\\\/uploads\\\/2024\\\/07\\\/logo1.jpg\",\"width\":338,\"height\":157,\"caption\":\"EURO KALLUR\"},\"image\":{\"@id\":\"https:\\\/\\\/eurokallur.ee\\\/#\\\/schema\\\/logo\\\/image\\\/\"}}]}<\/script>\n<!-- \/ Yoast SEO plugin. -->","yoast_head_json":{"title":"\u0429\u0435\u043f\u0430 \u0445\u0432\u043e\u0439\u043d\u044b\u0445 \u0434\u0435\u0440\u0435\u0432\u044c\u0435\u0432 (\u0441\u043e\u0441\u043d\u0430) 20-50\u043c\u043c \u0440\u043e\u0441\u0441\u044b\u043f\u044c\u044e 1 \u043c\u00b3 - EURO KALLUR","robots":{"index":"index","follow":"follow","max-snippet":"max-snippet:-1","max-image-preview":"max-image-preview:large","max-video-preview":"max-video-preview:-1"},"canonical":"https:\/\/eurokallur.ee\/ru\/tovar\/shchepa-khvoynykh-derevyev-sosna-20-50mm-rossypyu-1-m3\/","og_locale":"ru_RU","og_type":"article","og_title":"Okaspuuhake (m\u00e4nd) 20-50mm puistes 1 m\u00b3 - EURO KALLUR","og_description":"Mult\u0161 on materjal, mis asetatakse mulla pinnale, et kaitsta taimi ja parandada mulla seisundit. Mult\u0161 aitab s\u00e4ilitada mullas niiskust, p\u00e4rsib umbrohu kasvu, kaitseb \u00fclekuumenemise ja alajahtumise eest, parandab mulla struktuuri ja hoiab \u00e4ra erosiooni. See sobib ka maastiku kaunistamiseks, sest annab krundile korraliku ja hoolitsetud ilme.","og_url":"https:\/\/eurokallur.ee\/ru\/tovar\/shchepa-khvoynykh-derevyev-sosna-20-50mm-rossypyu-1-m3\/","og_site_name":"EURO KALLUR","article_modified_time":"2026-04-06T23:31:37+00:00","og_image":[{"width":884,"height":884,"url":"https:\/\/eurokallur.ee\/wp-content\/uploads\/2025\/01\/okaspuuhake-mand-20-50mm-puistes-1-m3-shhepa-hvojnyh-derevev-sosna-20-50mm-rossypyu-1-m3-60evro.jpg","type":"image\/jpeg"}],"twitter_card":"summary_large_image","twitter_misc":{"\u041f\u0440\u0438\u043c\u0435\u0440\u043d\u043e\u0435 \u0432\u0440\u0435\u043c\u044f \u0434\u043b\u044f \u0447\u0442\u0435\u043d\u0438\u044f":"1 \u043c\u0438\u043d\u0443\u0442\u0430"},"schema":{"@context":"https:\/\/schema.org","@graph":[{"@type":"WebPage","@id":"https:\/\/eurokallur.ee\/toode\/okaspuuhake-mand-20-50mm-puistes-1-m3\/","url":"https:\/\/eurokallur.ee\/toode\/okaspuuhake-mand-20-50mm-puistes-1-m3\/","name":"\u0429\u0435\u043f\u0430 \u0445\u0432\u043e\u0439\u043d\u044b\u0445 \u0434\u0435\u0440\u0435\u0432\u044c\u0435\u0432 (\u0441\u043e\u0441\u043d\u0430) 20-50\u043c\u043c \u0440\u043e\u0441\u0441\u044b\u043f\u044c\u044e 1 \u043c\u00b3 - EURO KALLUR","isPartOf":{"@id":"https:\/\/eurokallur.ee\/#website"},"primaryImageOfPage":{"@id":"https:\/\/eurokallur.ee\/toode\/okaspuuhake-mand-20-50mm-puistes-1-m3\/#primaryimage"},"image":{"@id":"https:\/\/eurokallur.ee\/toode\/okaspuuhake-mand-20-50mm-puistes-1-m3\/#primaryimage"},"thumbnailUrl":"https:\/\/eurokallur.ee\/wp-content\/uploads\/2025\/01\/okaspuuhake-mand-20-50mm-puistes-1-m3-shhepa-hvojnyh-derevev-sosna-20-50mm-rossypyu-1-m3-60evro.jpg","datePublished":"2025-06-12T08:27:14+00:00","dateModified":"2026-04-06T23:31:37+00:00","breadcrumb":{"@id":"https:\/\/eurokallur.ee\/toode\/okaspuuhake-mand-20-50mm-puistes-1-m3\/#breadcrumb"},"inLanguage":"ru-RU","potentialAction":[{"@type":"ReadAction","target":["https:\/\/eurokallur.ee\/toode\/okaspuuhake-mand-20-50mm-puistes-1-m3\/"]}]},{"@type":"ImageObject","inLanguage":"ru-RU","@id":"https:\/\/eurokallur.ee\/toode\/okaspuuhake-mand-20-50mm-puistes-1-m3\/#primaryimage","url":"https:\/\/eurokallur.ee\/wp-content\/uploads\/2025\/01\/okaspuuhake-mand-20-50mm-puistes-1-m3-shhepa-hvojnyh-derevev-sosna-20-50mm-rossypyu-1-m3-60evro.jpg","contentUrl":"https:\/\/eurokallur.ee\/wp-content\/uploads\/2025\/01\/okaspuuhake-mand-20-50mm-puistes-1-m3-shhepa-hvojnyh-derevev-sosna-20-50mm-rossypyu-1-m3-60evro.jpg","width":884,"height":884},{"@type":"BreadcrumbList","@id":"https:\/\/eurokallur.ee\/toode\/okaspuuhake-mand-20-50mm-puistes-1-m3\/#breadcrumb","itemListElement":[{"@type":"ListItem","position":1,"name":"\u0413\u043b\u0430\u0432\u043d\u0430\u044f \u0441\u0442\u0440\u0430\u043d\u0438\u0446\u0430","item":"https:\/\/eurokallur.ee\/"},{"@type":"ListItem","position":2,"name":"Tootekataloog","item":"https:\/\/eurokallur.ee\/shop\/"},{"@type":"ListItem","position":3,"name":"Okaspuuhake (m\u00e4nd) 20-50mm puistes 1 m\u00b3"}]},{"@type":"WebSite","@id":"https:\/\/eurokallur.ee\/#website","url":"https:\/\/eurokallur.ee\/","name":"EURO KALLUR","description":"\u041f\u0435\u0440\u0432\u044b\u0439 \u0438\u043d\u0442\u0435\u0440\u043d\u0435\u0442-\u043c\u0430\u0433\u0430\u0437\u0438\u043d \u043f\u0440\u0438\u0440\u043e\u0434\u043d\u044b\u0445 \u0440\u0435\u0441\u0443\u0440\u0441\u043e\u0432 \u0432 \u042d\u0441\u0442\u043e\u043d\u0438\u0438 \u2022\u0417\u0435\u043c\u043b\u044f \u2022\u041f\u0435\u0441\u043e\u043a \u2022\u0429\u0435\u0431\u0435\u043d\u044c \u2022\u041c\u0443\u043b\u044c\u0447\u0430 \u2022\u0414\u0440\u043e\u0432\u0430 \u2022\u041d\u0430\u0432\u043e\u0437","publisher":{"@id":"https:\/\/eurokallur.ee\/#organization"},"potentialAction":[{"@type":"SearchAction","target":{"@type":"EntryPoint","urlTemplate":"https:\/\/eurokallur.ee\/?s={search_term_string}"},"query-input":{"@type":"PropertyValueSpecification","valueRequired":true,"valueName":"search_term_string"}}],"inLanguage":"ru-RU"},{"@type":"Organization","@id":"https:\/\/eurokallur.ee\/#organization","name":"EURO KALLUR","url":"https:\/\/eurokallur.ee\/","logo":{"@type":"ImageObject","inLanguage":"ru-RU","@id":"https:\/\/eurokallur.ee\/#\/schema\/logo\/image\/","url":"https:\/\/eurokallur.ee\/wp-content\/uploads\/2024\/07\/logo1.jpg","contentUrl":"https:\/\/eurokallur.ee\/wp-content\/uploads\/2024\/07\/logo1.jpg","width":338,"height":157,"caption":"EURO KALLUR"},"image":{"@id":"https:\/\/eurokallur.ee\/#\/schema\/logo\/image\/"}}]}},"_links":{"self":[{"href":"https:\/\/eurokallur.ee\/ru\/wp-json\/wp\/v2\/product\/2683","targetHints":{"allow":["GET"]}}],"collection":[{"href":"https:\/\/eurokallur.ee\/ru\/wp-json\/wp\/v2\/product"}],"about":[{"href":"https:\/\/eurokallur.ee\/ru\/wp-json\/wp\/v2\/types\/product"}],"wp:featuredmedia":[{"embeddable":true,"href":"https:\/\/eurokallur.ee\/ru\/wp-json\/wp\/v2\/media\/2684"}],"wp:attachment":[{"href":"https:\/\/eurokallur.ee\/ru\/wp-json\/wp\/v2\/media?parent=2683"}],"wp:term":[{"taxonomy":"product_brand","embeddable":true,"href":"https:\/\/eurokallur.ee\/ru\/wp-json\/wp\/v2\/product_brand?post=2683"},{"taxonomy":"product_cat","embeddable":true,"href":"https:\/\/eurokallur.ee\/ru\/wp-json\/wp\/v2\/product_cat?post=2683"},{"taxonomy":"product_tag","embeddable":true,"href":"https:\/\/eurokallur.ee\/ru\/wp-json\/wp\/v2\/product_tag?post=2683"}],"curies":[{"name":"wp","href":"https:\/\/api.w.org\/{rel}","templated":true}]}}