{"id":63,"date":"2025-06-26T13:56:28","date_gmt":"2025-06-26T13:56:28","guid":{"rendered":"https:\/\/eurokallur.ee\/?post_type=product&#038;p=63"},"modified":"2026-03-31T10:59:27","modified_gmt":"2026-03-31T10:59:27","slug":"kompost","status":"publish","type":"product","link":"https:\/\/eurokallur.ee\/ru\/toode\/kompost\/","title":{"rendered":"\u041a\u043e\u043c\u043f\u043e\u0441\u0442"},"content":{"rendered":"","protected":false},"excerpt":{"rendered":"<p align=\"justify\"><span style=\"font-family: Roboto, sans-serif;\"><span lang=\"et-EE\"><b>\u041a\u043e\u043c\u043f\u043e\u0441\u0442<\/b><\/span><\/span><span style=\"font-family: Roboto, sans-serif;\"><span lang=\"et-EE\"> \u044d\u0442\u043e \u043e\u0440\u0433\u0430\u043d\u0438\u0447\u0435\u0441\u043a\u043e\u0435 \u0443\u0434\u043e\u0431\u0440\u0435\u043d\u0438\u0435, \u043f\u043e\u043b\u0443\u0447\u0430\u0435\u043c\u043e\u0435 \u0432 \u0440\u0435\u0437\u0443\u043b\u044c\u0442\u0430\u0442\u0435 \u0440\u0430\u0437\u043b\u043e\u0436\u0435\u043d\u0438\u044f \u0440\u0430\u0441\u0442\u0438\u0442\u0435\u043b\u044c\u043d\u044b\u0445 \u0438 \u0436\u0438\u0432\u043e\u0442\u043d\u044b\u0445 \u043e\u0441\u0442\u0430\u0442\u043a\u043e\u0432 \u0441 \u0443\u0447\u0430\u0441\u0442\u0438\u0435\u043c \u043c\u0438\u043a\u0440\u043e\u043e\u0440\u0433\u0430\u043d\u0438\u0437\u043c\u043e\u0432. \u041e\u043d \u0438\u0441\u043f\u043e\u043b\u044c\u0437\u0443\u0435\u0442\u0441\u044f \u0434\u043b\u044f \u0443\u043b\u0443\u0447\u0448\u0435\u043d\u0438\u044f \u0441\u0442\u0440\u0443\u043a\u0442\u0443\u0440\u044b \u043f\u043e\u0447\u0432\u044b, \u0443\u0432\u0435\u043b\u0438\u0447\u0435\u043d\u0438\u044f \u0435\u0435 \u043f\u043b\u043e\u0434\u043e\u0440\u043e\u0434\u0438\u044f \u0438 \u043f\u043e\u0432\u044b\u0448\u0435\u043d\u0438\u044f \u0432\u043e\u0434\u043e\u0443\u0434\u0435\u0440\u0436\u0438\u0432\u0430\u044e\u0449\u0438\u0445 \u0441\u0432\u043e\u0439\u0441\u0442\u0432. \u041a\u043e\u043c\u043f\u043e\u0441\u0442 \u0431\u043e\u0433\u0430\u0442 \u043f\u0438\u0442\u0430\u0442\u0435\u043b\u044c\u043d\u044b\u043c\u0438 \u0432\u0435\u0449\u0435\u0441\u0442\u0432\u0430\u043c\u0438, \u0442\u0430\u043a\u0438\u043c\u0438 \u043a\u0430\u043a \u0430\u0437\u043e\u0442, \u0444\u043e\u0441\u0444\u043e\u0440 \u0438 \u043a\u0430\u043b\u0438\u0439, \u0447\u0442\u043e \u0441\u043f\u043e\u0441\u043e\u0431\u0441\u0442\u0432\u0443\u0435\u0442 \u0440\u043e\u0441\u0442\u0443 \u0440\u0430\u0441\u0442\u0435\u043d\u0438\u0439. \u0415\u0433\u043e \u043f\u0440\u0438\u043c\u0435\u043d\u044f\u044e\u0442 \u0432 \u0441\u0430\u0434\u043e\u0432\u043e\u0434\u0441\u0442\u0432\u0435, \u043e\u0433\u043e\u0440\u043e\u0434\u043d\u0438\u0447\u0435\u0441\u0442\u0432\u0435 \u0438 \u043b\u0430\u043d\u0434\u0448\u0430\u0444\u0442\u043d\u043e\u043c \u0434\u0438\u0437\u0430\u0439\u043d\u0435 \u0434\u043b\u044f \u0443\u043b\u0443\u0447\u0448\u0435\u043d\u0438\u044f \u043a\u0430\u0447\u0435\u0441\u0442\u0432\u0430 \u043f\u043e\u0447\u0432\u044b \u0438 \u043f\u043e\u0434\u0434\u0435\u0440\u0436\u0430\u043d\u0438\u044f \u044d\u043a\u043e\u043b\u043e\u0433\u0438\u0447\u0435\u0441\u043a\u043e\u0433\u043e \u0431\u0430\u043b\u0430\u043d\u0441\u0430.<\/span><\/span><\/p>","protected":false},"featured_media":3792,"template":"","meta":[],"product_brand":[],"product_cat":[33,45],"product_tag":[],"class_list":{"0":"post-63","1":"product","2":"type-product","3":"status-publish","4":"has-post-thumbnail","6":"product_cat-muld","7":"product_cat-populaarsed","9":"first","10":"instock","11":"shipping-taxable","12":"purchasable","13":"product-type-variable"},"yoast_head":"<!-- This site is optimized with the Yoast SEO plugin v27.3 - https:\/\/yoast.com\/product\/yoast-seo-wordpress\/ -->\n<title>Kompost - EURO KALLUR<\/title>\n<meta name=\"robots\" content=\"index, follow, max-snippet:-1, max-image-preview:large, max-video-preview:-1\" \/>\n<link rel=\"canonical\" href=\"https:\/\/eurokallur.ee\/ru\/tovar\/kompost\/\" \/>\n<meta property=\"og:locale\" content=\"ru_RU\" \/>\n<meta property=\"og:type\" content=\"article\" \/>\n<meta property=\"og:title\" content=\"Kompost - EURO KALLUR\" \/>\n<meta property=\"og:description\" content=\"Kompost on orgaaniline v\u00e4etis, mis saadakse taimsete ja loomsete j\u00e4\u00e4kide lagunemise tulemusena mikroorganismide osalusel. Seda kasutatakse mulla struktuuri parandamiseks, viljakuse suurendamiseks ja vettpidavate omaduste suurendamiseks. Kompostis on rohkesti toitaineid nagu l\u00e4mmastik, fosfor ja kaalium, mis soodustab taimede kasvu. Seda kasutatakse aianduses, haljastuses ja maastikukujunduses mulla kvaliteedi parandamiseks ja \u00f6koloogilise tasakaalu s\u00e4ilitamiseks.\" \/>\n<meta property=\"og:url\" content=\"https:\/\/eurokallur.ee\/ru\/tovar\/kompost\/\" \/>\n<meta property=\"og:site_name\" content=\"EURO KALLUR\" \/>\n<meta property=\"article:modified_time\" content=\"2026-03-31T10:59:27+00:00\" \/>\n<meta property=\"og:image\" content=\"https:\/\/eurokallur.ee\/wp-content\/uploads\/2024\/07\/kompost-kompost-23evro.jpg\" \/>\n\t<meta property=\"og:image:width\" content=\"1124\" \/>\n\t<meta property=\"og:image:height\" content=\"964\" \/>\n\t<meta property=\"og:image:type\" content=\"image\/jpeg\" \/>\n<meta name=\"twitter:card\" content=\"summary_large_image\" \/>\n<meta name=\"twitter:label1\" content=\"\u041f\u0440\u0438\u043c\u0435\u0440\u043d\u043e\u0435 \u0432\u0440\u0435\u043c\u044f \u0434\u043b\u044f \u0447\u0442\u0435\u043d\u0438\u044f\" \/>\n\t<meta name=\"twitter:data1\" content=\"1 \u043c\u0438\u043d\u0443\u0442\u0430\" \/>\n<script type=\"application\/ld+json\" class=\"yoast-schema-graph\">{\"@context\":\"https:\\\/\\\/schema.org\",\"@graph\":[{\"@type\":\"WebPage\",\"@id\":\"https:\\\/\\\/eurokallur.ee\\\/toode\\\/kompost\\\/\",\"url\":\"https:\\\/\\\/eurokallur.ee\\\/toode\\\/kompost\\\/\",\"name\":\"Kompost - EURO KALLUR\",\"isPartOf\":{\"@id\":\"https:\\\/\\\/eurokallur.ee\\\/#website\"},\"primaryImageOfPage\":{\"@id\":\"https:\\\/\\\/eurokallur.ee\\\/toode\\\/kompost\\\/#primaryimage\"},\"image\":{\"@id\":\"https:\\\/\\\/eurokallur.ee\\\/toode\\\/kompost\\\/#primaryimage\"},\"thumbnailUrl\":\"https:\\\/\\\/eurokallur.ee\\\/wp-content\\\/uploads\\\/2024\\\/07\\\/kompost-kompost-23evro.jpg\",\"datePublished\":\"2025-06-26T13:56:28+00:00\",\"dateModified\":\"2026-03-31T10:59:27+00:00\",\"breadcrumb\":{\"@id\":\"https:\\\/\\\/eurokallur.ee\\\/toode\\\/kompost\\\/#breadcrumb\"},\"inLanguage\":\"ru-RU\",\"potentialAction\":[{\"@type\":\"ReadAction\",\"target\":[\"https:\\\/\\\/eurokallur.ee\\\/toode\\\/kompost\\\/\"]}]},{\"@type\":\"ImageObject\",\"inLanguage\":\"ru-RU\",\"@id\":\"https:\\\/\\\/eurokallur.ee\\\/toode\\\/kompost\\\/#primaryimage\",\"url\":\"https:\\\/\\\/eurokallur.ee\\\/wp-content\\\/uploads\\\/2024\\\/07\\\/kompost-kompost-23evro.jpg\",\"contentUrl\":\"https:\\\/\\\/eurokallur.ee\\\/wp-content\\\/uploads\\\/2024\\\/07\\\/kompost-kompost-23evro.jpg\",\"width\":1124,\"height\":964},{\"@type\":\"BreadcrumbList\",\"@id\":\"https:\\\/\\\/eurokallur.ee\\\/toode\\\/kompost\\\/#breadcrumb\",\"itemListElement\":[{\"@type\":\"ListItem\",\"position\":1,\"name\":\"\u0413\u043b\u0430\u0432\u043d\u0430\u044f \u0441\u0442\u0440\u0430\u043d\u0438\u0446\u0430\",\"item\":\"https:\\\/\\\/eurokallur.ee\\\/\"},{\"@type\":\"ListItem\",\"position\":2,\"name\":\"Tootekataloog\",\"item\":\"https:\\\/\\\/eurokallur.ee\\\/shop\\\/\"},{\"@type\":\"ListItem\",\"position\":3,\"name\":\"Kompost\"}]},{\"@type\":\"WebSite\",\"@id\":\"https:\\\/\\\/eurokallur.ee\\\/#website\",\"url\":\"https:\\\/\\\/eurokallur.ee\\\/\",\"name\":\"EURO KALLUR\",\"description\":\"Esimene loodusressursside e-pood Eestis \u2022Muld \u2022Liiv \u2022Killustik \u2022Mult\u0161 \u2022K\u00fcttepuud \u2022S\u00f5nnik\",\"publisher\":{\"@id\":\"https:\\\/\\\/eurokallur.ee\\\/#organization\"},\"potentialAction\":[{\"@type\":\"SearchAction\",\"target\":{\"@type\":\"EntryPoint\",\"urlTemplate\":\"https:\\\/\\\/eurokallur.ee\\\/?s={search_term_string}\"},\"query-input\":{\"@type\":\"PropertyValueSpecification\",\"valueRequired\":true,\"valueName\":\"search_term_string\"}}],\"inLanguage\":\"ru-RU\"},{\"@type\":\"Organization\",\"@id\":\"https:\\\/\\\/eurokallur.ee\\\/#organization\",\"name\":\"EURO KALLUR\",\"url\":\"https:\\\/\\\/eurokallur.ee\\\/\",\"logo\":{\"@type\":\"ImageObject\",\"inLanguage\":\"ru-RU\",\"@id\":\"https:\\\/\\\/eurokallur.ee\\\/#\\\/schema\\\/logo\\\/image\\\/\",\"url\":\"https:\\\/\\\/eurokallur.ee\\\/wp-content\\\/uploads\\\/2024\\\/07\\\/logo1.jpg\",\"contentUrl\":\"https:\\\/\\\/eurokallur.ee\\\/wp-content\\\/uploads\\\/2024\\\/07\\\/logo1.jpg\",\"width\":338,\"height\":157,\"caption\":\"EURO KALLUR\"},\"image\":{\"@id\":\"https:\\\/\\\/eurokallur.ee\\\/#\\\/schema\\\/logo\\\/image\\\/\"}}]}<\/script>\n<!-- \/ Yoast SEO plugin. -->","yoast_head_json":{"title":"\u041a\u043e\u043c\u043f\u043e\u0441\u0442 - EURO KALLUR","robots":{"index":"index","follow":"follow","max-snippet":"max-snippet:-1","max-image-preview":"max-image-preview:large","max-video-preview":"max-video-preview:-1"},"canonical":"https:\/\/eurokallur.ee\/ru\/tovar\/kompost\/","og_locale":"ru_RU","og_type":"article","og_title":"Kompost - EURO KALLUR","og_description":"Kompost on orgaaniline v\u00e4etis, mis saadakse taimsete ja loomsete j\u00e4\u00e4kide lagunemise tulemusena mikroorganismide osalusel. Seda kasutatakse mulla struktuuri parandamiseks, viljakuse suurendamiseks ja vettpidavate omaduste suurendamiseks. Kompostis on rohkesti toitaineid nagu l\u00e4mmastik, fosfor ja kaalium, mis soodustab taimede kasvu. Seda kasutatakse aianduses, haljastuses ja maastikukujunduses mulla kvaliteedi parandamiseks ja \u00f6koloogilise tasakaalu s\u00e4ilitamiseks.","og_url":"https:\/\/eurokallur.ee\/ru\/tovar\/kompost\/","og_site_name":"EURO KALLUR","article_modified_time":"2026-03-31T10:59:27+00:00","og_image":[{"width":1124,"height":964,"url":"https:\/\/eurokallur.ee\/wp-content\/uploads\/2024\/07\/kompost-kompost-23evro.jpg","type":"image\/jpeg"}],"twitter_card":"summary_large_image","twitter_misc":{"\u041f\u0440\u0438\u043c\u0435\u0440\u043d\u043e\u0435 \u0432\u0440\u0435\u043c\u044f \u0434\u043b\u044f \u0447\u0442\u0435\u043d\u0438\u044f":"1 \u043c\u0438\u043d\u0443\u0442\u0430"},"schema":{"@context":"https:\/\/schema.org","@graph":[{"@type":"WebPage","@id":"https:\/\/eurokallur.ee\/toode\/kompost\/","url":"https:\/\/eurokallur.ee\/toode\/kompost\/","name":"\u041a\u043e\u043c\u043f\u043e\u0441\u0442 - EURO KALLUR","isPartOf":{"@id":"https:\/\/eurokallur.ee\/#website"},"primaryImageOfPage":{"@id":"https:\/\/eurokallur.ee\/toode\/kompost\/#primaryimage"},"image":{"@id":"https:\/\/eurokallur.ee\/toode\/kompost\/#primaryimage"},"thumbnailUrl":"https:\/\/eurokallur.ee\/wp-content\/uploads\/2024\/07\/kompost-kompost-23evro.jpg","datePublished":"2025-06-26T13:56:28+00:00","dateModified":"2026-03-31T10:59:27+00:00","breadcrumb":{"@id":"https:\/\/eurokallur.ee\/toode\/kompost\/#breadcrumb"},"inLanguage":"ru-RU","potentialAction":[{"@type":"ReadAction","target":["https:\/\/eurokallur.ee\/toode\/kompost\/"]}]},{"@type":"ImageObject","inLanguage":"ru-RU","@id":"https:\/\/eurokallur.ee\/toode\/kompost\/#primaryimage","url":"https:\/\/eurokallur.ee\/wp-content\/uploads\/2024\/07\/kompost-kompost-23evro.jpg","contentUrl":"https:\/\/eurokallur.ee\/wp-content\/uploads\/2024\/07\/kompost-kompost-23evro.jpg","width":1124,"height":964},{"@type":"BreadcrumbList","@id":"https:\/\/eurokallur.ee\/toode\/kompost\/#breadcrumb","itemListElement":[{"@type":"ListItem","position":1,"name":"\u0413\u043b\u0430\u0432\u043d\u0430\u044f \u0441\u0442\u0440\u0430\u043d\u0438\u0446\u0430","item":"https:\/\/eurokallur.ee\/"},{"@type":"ListItem","position":2,"name":"Tootekataloog","item":"https:\/\/eurokallur.ee\/shop\/"},{"@type":"ListItem","position":3,"name":"Kompost"}]},{"@type":"WebSite","@id":"https:\/\/eurokallur.ee\/#website","url":"https:\/\/eurokallur.ee\/","name":"EURO KALLUR","description":"\u041f\u0435\u0440\u0432\u044b\u0439 \u0438\u043d\u0442\u0435\u0440\u043d\u0435\u0442-\u043c\u0430\u0433\u0430\u0437\u0438\u043d \u043f\u0440\u0438\u0440\u043e\u0434\u043d\u044b\u0445 \u0440\u0435\u0441\u0443\u0440\u0441\u043e\u0432 \u0432 \u042d\u0441\u0442\u043e\u043d\u0438\u0438 \u2022\u0417\u0435\u043c\u043b\u044f \u2022\u041f\u0435\u0441\u043e\u043a \u2022\u0429\u0435\u0431\u0435\u043d\u044c \u2022\u041c\u0443\u043b\u044c\u0447\u0430 \u2022\u0414\u0440\u043e\u0432\u0430 \u2022\u041d\u0430\u0432\u043e\u0437","publisher":{"@id":"https:\/\/eurokallur.ee\/#organization"},"potentialAction":[{"@type":"SearchAction","target":{"@type":"EntryPoint","urlTemplate":"https:\/\/eurokallur.ee\/?s={search_term_string}"},"query-input":{"@type":"PropertyValueSpecification","valueRequired":true,"valueName":"search_term_string"}}],"inLanguage":"ru-RU"},{"@type":"Organization","@id":"https:\/\/eurokallur.ee\/#organization","name":"EURO KALLUR","url":"https:\/\/eurokallur.ee\/","logo":{"@type":"ImageObject","inLanguage":"ru-RU","@id":"https:\/\/eurokallur.ee\/#\/schema\/logo\/image\/","url":"https:\/\/eurokallur.ee\/wp-content\/uploads\/2024\/07\/logo1.jpg","contentUrl":"https:\/\/eurokallur.ee\/wp-content\/uploads\/2024\/07\/logo1.jpg","width":338,"height":157,"caption":"EURO KALLUR"},"image":{"@id":"https:\/\/eurokallur.ee\/#\/schema\/logo\/image\/"}}]}},"_links":{"self":[{"href":"https:\/\/eurokallur.ee\/ru\/wp-json\/wp\/v2\/product\/63","targetHints":{"allow":["GET"]}}],"collection":[{"href":"https:\/\/eurokallur.ee\/ru\/wp-json\/wp\/v2\/product"}],"about":[{"href":"https:\/\/eurokallur.ee\/ru\/wp-json\/wp\/v2\/types\/product"}],"wp:featuredmedia":[{"embeddable":true,"href":"https:\/\/eurokallur.ee\/ru\/wp-json\/wp\/v2\/media\/3792"}],"wp:attachment":[{"href":"https:\/\/eurokallur.ee\/ru\/wp-json\/wp\/v2\/media?parent=63"}],"wp:term":[{"taxonomy":"product_brand","embeddable":true,"href":"https:\/\/eurokallur.ee\/ru\/wp-json\/wp\/v2\/product_brand?post=63"},{"taxonomy":"product_cat","embeddable":true,"href":"https:\/\/eurokallur.ee\/ru\/wp-json\/wp\/v2\/product_cat?post=63"},{"taxonomy":"product_tag","embeddable":true,"href":"https:\/\/eurokallur.ee\/ru\/wp-json\/wp\/v2\/product_tag?post=63"}],"curies":[{"name":"wp","href":"https:\/\/api.w.org\/{rel}","templated":true}]}}